{"id":5898,"date":"2022-08-23T21:56:49","date_gmt":"2022-08-24T00:56:49","guid":{"rendered":"https:\/\/vapersclub.store\/?post_type=product&#038;p=5898"},"modified":"2025-01-23T18:12:00","modified_gmt":"2025-01-23T21:12:00","slug":"zeus-x-rta","status":"publish","type":"product","link":"https:\/\/vapersclub.store\/?product=zeus-x-rta","title":{"rendered":"Zeus X RTA"},"content":{"rendered":"<h3 style=\"text-align: left;\">Caracter\u00edsticas<\/h3>\n<ul>\n<li>Di\u00e1metro: de 25 mm.<\/li>\n<li>Capacidad de l\u00edquido: 4.5 ml<\/li>\n<li>Materiales: acero y pyrex<\/li>\n<li>Construcci\u00f3n de acero inoxidable superior<\/li>\n<li>Refuerzo de vidrio de s\u00edlice resistente a altas temperaturas<\/li>\n<li>Cubierta de construcci\u00f3n ampliada<\/li>\n<li>Postless elevado, dise\u00f1o de cuatro terminales<\/li>\n<li>Configuraciones de bobina simple o doble<\/li>\n<li>De lado asegurado a trav\u00e9s de tornillos ranurados de cabeza plana<\/li>\n<li>Aislador PEEK<\/li>\n<li>Sistema de absorci\u00f3n eficiente<\/li>\n<li>Flujo de aire tridimensional 3D mejorado<\/li>\n<li>Flujo de aire superior exterior ajustable doble &#8211; 15 mm por 2,5 mm<\/li>\n<li>Tubo de aire central interno \u00fanico &#8211; Funels en ranuras de orificios m\u00faltiples<\/li>\n<li>M\u00e9todo conveniente de llenado superior roscado<\/li>\n<li>810 Delrin Widebore Drip Tip<\/li>\n<li>810 ULTEM Widebore punta de goteo<\/li>\n<li>Adaptador de punta de goteo 510<\/li>\n<li>Chimenea doble para intensificar el sabor.<\/li>\n<\/ul>\n<h4 style=\"text-align: left;\">Incluye<\/h4>\n<div>\n<ul>\n<li>1 x ZEUS X Mesh 25 mm RTA<\/li>\n<li>1 x 810 Delrin Widebore Drip Tip<\/li>\n<li>1 x 510 adaptador de punta de goteo<\/li>\n<li>1 x Tubo de vidrio de repuesto<\/li>\n<li>1 x Llave Allen<\/li>\n<li>2 x Bobinas Clapton pre-construidas<\/li>\n<li>1 x Juego de mechas de algod\u00f3n<\/li>\n<li>1 x Manual de usuario<\/li>\n<\/ul>\n<\/div>\n","protected":false},"excerpt":{"rendered":"<p>Caracter\u00edsticas Di\u00e1metro: de 25 mm. Capacidad de l\u00edquido: 4.5 ml Materiales: acero y pyrex Construcci\u00f3n de acero inoxidable superior Refuerzo de vidrio de s\u00edlice resistente&#8230;<\/p>\n","protected":false},"featured_media":6246,"comment_status":"open","ping_status":"closed","template":"","meta":{"om_disable_all_campaigns":false,"_monsterinsights_skip_tracking":false,"_monsterinsights_sitenote_active":false,"_monsterinsights_sitenote_note":"","_monsterinsights_sitenote_category":0},"product_cat":[46],"product_tag":[],"aioseo_notices":[],"_links":{"self":[{"href":"https:\/\/vapersclub.store\/index.php?rest_route=\/wp\/v2\/product\/5898"}],"collection":[{"href":"https:\/\/vapersclub.store\/index.php?rest_route=\/wp\/v2\/product"}],"about":[{"href":"https:\/\/vapersclub.store\/index.php?rest_route=\/wp\/v2\/types\/product"}],"replies":[{"embeddable":true,"href":"https:\/\/vapersclub.store\/index.php?rest_route=%2Fwp%2Fv2%2Fcomments&post=5898"}],"wp:featuredmedia":[{"embeddable":true,"href":"https:\/\/vapersclub.store\/index.php?rest_route=\/wp\/v2\/media\/6246"}],"wp:attachment":[{"href":"https:\/\/vapersclub.store\/index.php?rest_route=%2Fwp%2Fv2%2Fmedia&parent=5898"}],"wp:term":[{"taxonomy":"product_cat","embeddable":true,"href":"https:\/\/vapersclub.store\/index.php?rest_route=%2Fwp%2Fv2%2Fproduct_cat&post=5898"},{"taxonomy":"product_tag","embeddable":true,"href":"https:\/\/vapersclub.store\/index.php?rest_route=%2Fwp%2Fv2%2Fproduct_tag&post=5898"}],"curies":[{"name":"wp","href":"https:\/\/api.w.org\/{rel}","templated":true}]}}